{"id":9,"date":"2021-02-15T12:23:18","date_gmt":"2021-02-15T12:23:18","guid":{"rendered":"https:\/\/themes.muffingroup.com\/be\/itservice5\/?page_id=9"},"modified":"2025-08-02T20:20:17","modified_gmt":"2025-08-02T20:20:17","slug":"home","status":"publish","type":"page","link":"https:\/\/velkoobchod.albi.sk\/","title":{"rendered":"home"},"content":{"rendered":"\n<p>Chcem sa zaregistrova\u0165<\/p>\n\n\n\n<div role=\"form\" class=\"wpcf7\" id=\"wpcf7-f175-o1\" lang=\"sk-SK\" dir=\"ltr\">\n<div class=\"screen-reader-response\"><p role=\"status\" aria-live=\"polite\" aria-atomic=\"true\"><\/p> <ul><\/ul><\/div>\n<form action=\"\/index.php\/wp-json\/wp\/v2\/pages\/9#wpcf7-f175-o1\" method=\"post\" class=\"wpcf7-form init\" novalidate=\"novalidate\" data-status=\"init\">\n<div style=\"display: none;\">\n<input type=\"hidden\" name=\"_wpcf7\" value=\"175\" \/>\n<input type=\"hidden\" name=\"_wpcf7_version\" value=\"5.4\" \/>\n<input type=\"hidden\" name=\"_wpcf7_locale\" value=\"sk_SK\" \/>\n<input type=\"hidden\" name=\"_wpcf7_unit_tag\" value=\"wpcf7-f175-o1\" \/>\n<input type=\"hidden\" name=\"_wpcf7_container_post\" value=\"0\" \/>\n<input type=\"hidden\" name=\"_wpcf7_posted_data_hash\" value=\"\" \/>\n<\/div>\n<p><label>N\u00e1zov spolo\u010dnosti<br \/>\n<span class=\"wpcf7-form-control-wrap company-name\"><input type=\"text\" name=\"company-name\" value=\"\" size=\"40\" class=\"wpcf7-form-control wpcf7-text wpcf7-validates-as-required\" aria-required=\"true\" aria-invalid=\"false\" \/><\/span><\/label><br \/>\n<span class=\"wpcf7-form-control-wrap sell-type\"><span class=\"wpcf7-form-control wpcf7-checkbox wpcf7-validates-as-required\"><span class=\"wpcf7-list-item first\"><label><input type=\"checkbox\" name=\"sell-type[]\" value=\"predaj\u0148a\" \/><span class=\"wpcf7-list-item-label\">predaj\u0148a<\/span><\/label><\/span><span class=\"wpcf7-list-item last\"><label><input type=\"checkbox\" name=\"sell-type[]\" value=\"e-shop\" \/><span class=\"wpcf7-list-item-label\">e-shop<\/span><\/label><\/span><\/span><\/span><\/p>\n<p><label> I\u010cO<br \/>\n<span class=\"wpcf7-form-control-wrap ico\"><input type=\"text\" name=\"ico\" value=\"8-miestne \u010d\u00edslo\" size=\"40\" class=\"wpcf7-form-control wpcf7-text wpcf7-validates-as-required\" aria-required=\"true\" aria-invalid=\"false\" \/><\/span><\/label><\/p>\n<p><label> Meno kontaktnej osoby<br \/>\n    <span class=\"wpcf7-form-control-wrap your-name\"><input type=\"text\" name=\"your-name\" value=\"\" size=\"40\" class=\"wpcf7-form-control wpcf7-text wpcf7-validates-as-required\" aria-required=\"true\" aria-invalid=\"false\" \/><\/span> <\/label><\/p>\n<p><label> E-mail kontaktnej osoby<br \/>\n    <span class=\"wpcf7-form-control-wrap your-email\"><input type=\"email\" name=\"your-email\" value=\"\" size=\"40\" class=\"wpcf7-form-control wpcf7-text wpcf7-email wpcf7-validates-as-required wpcf7-validates-as-email\" aria-required=\"true\" aria-invalid=\"false\" \/><\/span> <\/label><\/p>\n<p><label> Telef\u00f3nny kontakt<br \/>\n    <span class=\"wpcf7-form-control-wrap phone\"><input type=\"tel\" name=\"phone\" value=\"\" size=\"40\" class=\"wpcf7-form-control wpcf7-text wpcf7-tel wpcf7-validates-as-required wpcf7-validates-as-tel\" aria-required=\"true\" aria-invalid=\"false\" \/><\/span><\/label><\/p>\n<p><label> Dodacia adresa<br \/>\n    <span class=\"wpcf7-form-control-wrap delivery\"><input type=\"text\" name=\"delivery\" value=\"\" size=\"40\" class=\"wpcf7-form-control wpcf7-text wpcf7-validates-as-required\" aria-required=\"true\" aria-invalid=\"false\" \/><\/span> <\/label><\/p>\n<p>Pozn. vo ve\u013ekoobchodnom e-shope NEPON\u00daKAME koncept K\u00fazeln\u00e9ho \u010d\u00edtania!<br \/>\n<input type=\"submit\" value=\"Odosla\u0165\" class=\"wpcf7-form-control wpcf7-submit\" \/><\/p>\n<div class=\"wpcf7-response-output\" aria-hidden=\"true\"><\/div><\/form><\/div>\n","protected":false},"excerpt":{"rendered":"<p>Chcem sa zaregistrova\u0165<\/p>\n","protected":false},"author":1,"featured_media":0,"parent":0,"menu_order":0,"comment_status":"closed","ping_status":"closed","template":"","meta":[],"_links":{"self":[{"href":"https:\/\/velkoobchod.albi.sk\/index.php\/wp-json\/wp\/v2\/pages\/9"}],"collection":[{"href":"https:\/\/velkoobchod.albi.sk\/index.php\/wp-json\/wp\/v2\/pages"}],"about":[{"href":"https:\/\/velkoobchod.albi.sk\/index.php\/wp-json\/wp\/v2\/types\/page"}],"author":[{"embeddable":true,"href":"https:\/\/velkoobchod.albi.sk\/index.php\/wp-json\/wp\/v2\/users\/1"}],"replies":[{"embeddable":true,"href":"https:\/\/velkoobchod.albi.sk\/index.php\/wp-json\/wp\/v2\/comments?post=9"}],"version-history":[{"count":6,"href":"https:\/\/velkoobchod.albi.sk\/index.php\/wp-json\/wp\/v2\/pages\/9\/revisions"}],"predecessor-version":[{"id":182,"href":"https:\/\/velkoobchod.albi.sk\/index.php\/wp-json\/wp\/v2\/pages\/9\/revisions\/182"}],"wp:attachment":[{"href":"https:\/\/velkoobchod.albi.sk\/index.php\/wp-json\/wp\/v2\/media?parent=9"}],"curies":[{"name":"wp","href":"https:\/\/api.w.org\/{rel}","templated":true}]}}